{"id":448,"date":"2014-09-25T10:52:27","date_gmt":"2014-09-25T14:52:27","guid":{"rendered":"http:\/\/remax.aliquando.id-3.net\/?page_id=448"},"modified":"2014-09-25T10:52:27","modified_gmt":"2014-09-25T14:52:27","slug":"detail-de-propriete","status":"publish","type":"page","link":"https:\/\/penelopevilagos.com\/en\/mes-proprietes\/detail-de-propriete\/","title":{"rendered":"Properties details"},"content":{"rendered":"<p>&nbsp;<\/p>\n<p><\/p>","protected":false},"excerpt":{"rendered":"<p>&nbsp;<\/p>\n","protected":false},"author":121,"featured_media":0,"parent":28,"menu_order":0,"comment_status":"open","ping_status":"open","template":"listing-templates\/listings_details.php","meta":{"_acf_changed":false,"footnotes":""},"class_list":["post-448","page","type-page","status-publish","hentry"],"acf":[],"yoast_head":"<!-- This site is optimized with the Yoast SEO plugin v26.7 - https:\/\/yoast.com\/wordpress\/plugins\/seo\/ -->\n<title>D\u00e9tail de propri\u00e9t\u00e9Properties details - Penelope Vilagos - Certified Real Estate Broker AEO<\/title>\n<meta name=\"robots\" content=\"index, follow, max-snippet:-1, max-image-preview:large, max-video-preview:-1\" \/>\n<link rel=\"canonical\" href=\"https:\/\/penelopevilagos.com\/mes-proprietes\/detail-de-propriete\/\" \/>\n<meta property=\"og:locale\" content=\"en_US\" \/>\n<meta property=\"og:type\" content=\"article\" \/>\n<meta property=\"og:title\" content=\"D\u00e9tail de propri\u00e9t\u00e9Properties details - Penelope Vilagos - Certified Real Estate Broker AEO\" \/>\n<meta property=\"og:description\" content=\"&nbsp;\" \/>\n<meta property=\"og:url\" content=\"https:\/\/penelopevilagos.com\/mes-proprietes\/detail-de-propriete\/\" \/>\n<meta property=\"og:site_name\" content=\"Penelope Vilagos - Certified Real Estate Broker AEO\" \/>\n<meta property=\"og:image\" content=\"https:\/\/penelopevilagos.com\/files\/2025\/02\/Header_Facebook.jpg\" \/>\n<meta name=\"twitter:card\" content=\"summary_large_image\" \/>\n<meta name=\"twitter:image\" content=\"https:\/\/penelopevilagos.com\/files\/2025\/02\/Header_Facebook.jpg\" \/>\n<script type=\"application\/ld+json\" class=\"yoast-schema-graph\">{\"@context\":\"https:\/\/schema.org\",\"@graph\":[{\"@type\":\"WebPage\",\"@id\":\"https:\/\/penelopevilagos.com\/mes-proprietes\/detail-de-propriete\/\",\"url\":\"https:\/\/penelopevilagos.com\/mes-proprietes\/detail-de-propriete\/\",\"name\":\"D\u00e9tail de propri\u00e9t\u00e9Properties details - Penelope Vilagos - Certified Real Estate Broker AEO\",\"isPartOf\":{\"@id\":\"https:\/\/penelopevilagos.com\/en\/#website\"},\"datePublished\":\"2014-09-25T14:52:27+00:00\",\"breadcrumb\":{\"@id\":\"https:\/\/penelopevilagos.com\/mes-proprietes\/detail-de-propriete\/#breadcrumb\"},\"inLanguage\":\"en-US\",\"potentialAction\":[{\"@type\":\"ReadAction\",\"target\":[\"https:\/\/penelopevilagos.com\/mes-proprietes\/detail-de-propriete\/\"]}]},{\"@type\":\"BreadcrumbList\",\"@id\":\"https:\/\/penelopevilagos.com\/mes-proprietes\/detail-de-propriete\/#breadcrumb\",\"itemListElement\":[{\"@type\":\"ListItem\",\"position\":1,\"name\":\"Accueil\",\"item\":\"https:\/\/penelopevilagos.com\/en\/\"},{\"@type\":\"ListItem\",\"position\":2,\"name\":\"Mes propri\u00e9t\u00e9s\",\"item\":\"https:\/\/penelopevilagos.com\/mes-proprietes\/\"},{\"@type\":\"ListItem\",\"position\":3,\"name\":\"D\u00e9tail de propri\u00e9t\u00e9\"}]},{\"@type\":\"WebSite\",\"@id\":\"https:\/\/penelopevilagos.com\/en\/#website\",\"url\":\"https:\/\/penelopevilagos.com\/en\/\",\"name\":\"Penelope Vilagos - Certified Real Estate Broker AEO\",\"description\":\"Remax Qu\u00e9bec\",\"potentialAction\":[{\"@type\":\"SearchAction\",\"target\":{\"@type\":\"EntryPoint\",\"urlTemplate\":\"https:\/\/penelopevilagos.com\/en\/?s={search_term_string}\"},\"query-input\":{\"@type\":\"PropertyValueSpecification\",\"valueRequired\":true,\"valueName\":\"search_term_string\"}}],\"inLanguage\":\"en-US\"}]}<\/script>\n<!-- \/ Yoast SEO plugin. -->","yoast_head_json":{"title":"D\u00e9tail de propri\u00e9t\u00e9Properties details - Penelope Vilagos - Certified Real Estate Broker AEO","robots":{"index":"index","follow":"follow","max-snippet":"max-snippet:-1","max-image-preview":"max-image-preview:large","max-video-preview":"max-video-preview:-1"},"canonical":"https:\/\/penelopevilagos.com\/mes-proprietes\/detail-de-propriete\/","og_locale":"en_US","og_type":"article","og_title":"D\u00e9tail de propri\u00e9t\u00e9Properties details - Penelope Vilagos - Certified Real Estate Broker AEO","og_description":"&nbsp;","og_url":"https:\/\/penelopevilagos.com\/mes-proprietes\/detail-de-propriete\/","og_site_name":"Penelope Vilagos - Certified Real Estate Broker AEO","og_image":[{"url":"https:\/\/penelopevilagos.com\/files\/2025\/02\/Header_Facebook.jpg","type":"","width":"","height":""}],"twitter_card":"summary_large_image","twitter_image":"https:\/\/penelopevilagos.com\/files\/2025\/02\/Header_Facebook.jpg","schema":{"@context":"https:\/\/schema.org","@graph":[{"@type":"WebPage","@id":"https:\/\/penelopevilagos.com\/mes-proprietes\/detail-de-propriete\/","url":"https:\/\/penelopevilagos.com\/mes-proprietes\/detail-de-propriete\/","name":"D\u00e9tail de propri\u00e9t\u00e9Properties details - Penelope Vilagos - Certified Real Estate Broker AEO","isPartOf":{"@id":"https:\/\/penelopevilagos.com\/en\/#website"},"datePublished":"2014-09-25T14:52:27+00:00","breadcrumb":{"@id":"https:\/\/penelopevilagos.com\/mes-proprietes\/detail-de-propriete\/#breadcrumb"},"inLanguage":"en-US","potentialAction":[{"@type":"ReadAction","target":["https:\/\/penelopevilagos.com\/mes-proprietes\/detail-de-propriete\/"]}]},{"@type":"BreadcrumbList","@id":"https:\/\/penelopevilagos.com\/mes-proprietes\/detail-de-propriete\/#breadcrumb","itemListElement":[{"@type":"ListItem","position":1,"name":"Accueil","item":"https:\/\/penelopevilagos.com\/en\/"},{"@type":"ListItem","position":2,"name":"Mes propri\u00e9t\u00e9s","item":"https:\/\/penelopevilagos.com\/mes-proprietes\/"},{"@type":"ListItem","position":3,"name":"D\u00e9tail de propri\u00e9t\u00e9"}]},{"@type":"WebSite","@id":"https:\/\/penelopevilagos.com\/en\/#website","url":"https:\/\/penelopevilagos.com\/en\/","name":"Penelope Vilagos - Certified Real Estate Broker AEO","description":"Remax Qu\u00e9bec","potentialAction":[{"@type":"SearchAction","target":{"@type":"EntryPoint","urlTemplate":"https:\/\/penelopevilagos.com\/en\/?s={search_term_string}"},"query-input":{"@type":"PropertyValueSpecification","valueRequired":true,"valueName":"search_term_string"}}],"inLanguage":"en-US"}]}},"_links":{"self":[{"href":"https:\/\/penelopevilagos.com\/en\/wp-json\/wp\/v2\/pages\/448","targetHints":{"allow":["GET"]}}],"collection":[{"href":"https:\/\/penelopevilagos.com\/en\/wp-json\/wp\/v2\/pages"}],"about":[{"href":"https:\/\/penelopevilagos.com\/en\/wp-json\/wp\/v2\/types\/page"}],"author":[{"embeddable":true,"href":"https:\/\/penelopevilagos.com\/en\/wp-json\/wp\/v2\/users\/121"}],"replies":[{"embeddable":true,"href":"https:\/\/penelopevilagos.com\/en\/wp-json\/wp\/v2\/comments?post=448"}],"version-history":[{"count":2,"href":"https:\/\/penelopevilagos.com\/en\/wp-json\/wp\/v2\/pages\/448\/revisions"}],"predecessor-version":[{"id":450,"href":"https:\/\/penelopevilagos.com\/en\/wp-json\/wp\/v2\/pages\/448\/revisions\/450"}],"up":[{"embeddable":true,"href":"https:\/\/penelopevilagos.com\/en\/wp-json\/wp\/v2\/pages\/28"}],"wp:attachment":[{"href":"https:\/\/penelopevilagos.com\/en\/wp-json\/wp\/v2\/media?parent=448"}],"curies":[{"name":"wp","href":"https:\/\/api.w.org\/{rel}","templated":true}]}}